{"id":2315,"date":"2018-09-18T12:08:54","date_gmt":"2018-09-18T12:08:54","guid":{"rendered":"https:\/\/dataeye.ro\/?page_id=2315"},"modified":"2021-11-02T13:11:28","modified_gmt":"2021-11-02T11:11:28","slug":"servicii-de-reprezentare-dpo","status":"publish","type":"page","link":"https:\/\/www.dataeye.ro\/en\/servicii-de-reprezentare-dpo\/","title":{"rendered":"Servicii de Reprezentare DPO"},"content":{"rendered":"<p>[vc_row][vc_column][vc_single_image image=&#8221;2316&#8243; img_size=&#8221;full&#8221; alignment=&#8221;center&#8221; style=&#8221;vc_box_rounded&#8221;][vc_custom_heading text=&#8221;Servicii de Reprezentare DPO&#8221; font_container=&#8221;tag:h1|text_align:center&#8221; use_theme_fonts=&#8221;yes&#8221; css=&#8221;.vc_custom_1635851485941{padding-top: 20px !important;padding-bottom: 20px !important;}&#8221;][vc_column_text]Legea nr. 190\/2018 privind m\u0103suri de punere \u00een aplicare a Regulamentului (UE) 2016\/679 al Parlamentului European \u0219i al Consiliului din 27 aprilie 2016, Art. 4, Alin 2b prevede c\u0103 pentru hoteluri \u0219i pensiuni este obligatorie numirea unui responsabil pentru protec\u021bia datelor.<\/p>\n<p>&nbsp;<\/p>\n<p>V\u0103 propunem un abonament DPO de reprezentare prin care:<\/p>\n<ul>\n<li>Reduce\u021bi costurile necesare pentru a men\u021bine un DPO intern;<\/li>\n<li>\u00cendeplini\u021bi cerin\u021ba legal\u0103, fiind asigura\u021bi c\u0103 sunte\u021bi reprezenta\u021bi de exper\u021bi cu experien\u021b\u0103;<\/li>\n<li>Primi\u021bi actualiz\u0103ri privind modific\u0103rile legislative care v\u0103 pot impacta;<\/li>\n<li>Primi\u021bi acces la reprezentare din partea exper\u021bilor no\u0219tri;<\/li>\n<li>Primi\u021bi suport pentru a r\u0103spunde la solicit\u0103rile din partea persoanelor vizate;<\/li>\n<li>Primi\u021bi suport pentru a notifica Autoritatea de Supraveghere.<\/li>\n<\/ul>\n<p>&nbsp;<\/p>\n<p>Preturi \u00eencep\u00e2nd cu 50 Euro pe luna la care se adaug\u0103 TVA in limita unei ore de consultanta. Tariful orar pentru orele suplimentare este de 50 Euro la care se adaug\u0103 TVA.[\/vc_column_text][\/vc_column][\/vc_row][vc_row][vc_column][vc_custom_heading text=&#8221;Cump\u0103r\u0103 Pachet &#8221; font_container=&#8221;tag:h3|text_align:left&#8221; use_theme_fonts=&#8221;yes&#8221; css=&#8221;.vc_custom_1537272808708{padding-top: 20px !important;padding-bottom: 20px !important;}&#8221;][vc_column_text]Dorim sa achizi\u021bionam Serviciul de Reprezentare DPO. Va furnizam urm\u0103toarele date in vederea complet\u0103rii contractului.[\/vc_column_text]\n<div class=\"wpcf7 no-js\" id=\"wpcf7-f2318-o1\" lang=\"ro-RO\" dir=\"ltr\" data-wpcf7-id=\"2318\">\n<div class=\"screen-reader-response\"><p role=\"status\" aria-live=\"polite\" aria-atomic=\"true\"><\/p> <ul><\/ul><\/div>\n<form action=\"\/en\/wp-json\/wp\/v2\/pages\/2315#wpcf7-f2318-o1\" method=\"post\" class=\"wpcf7-form init\" aria-label=\"Formular de contact\" novalidate=\"novalidate\" data-status=\"init\">\n<fieldset class=\"hidden-fields-container\"><input type=\"hidden\" name=\"_wpcf7\" value=\"2318\" \/><input type=\"hidden\" name=\"_wpcf7_version\" value=\"6.1.5\" \/><input type=\"hidden\" name=\"_wpcf7_locale\" value=\"ro_RO\" \/><input type=\"hidden\" name=\"_wpcf7_unit_tag\" value=\"wpcf7-f2318-o1\" \/><input type=\"hidden\" name=\"_wpcf7_container_post\" value=\"0\" \/><input type=\"hidden\" name=\"_wpcf7_posted_data_hash\" value=\"\" \/><input type=\"hidden\" name=\"_wpcf7_recaptcha_response\" value=\"\" \/>\n<\/fieldset>\n<p><label> Nume Firma<br \/>\n<span class=\"wpcf7-form-control-wrap\" data-name=\"nume_firma\"><input size=\"40\" maxlength=\"400\" class=\"wpcf7-form-control wpcf7-text\" aria-invalid=\"false\" value=\"\" type=\"text\" name=\"nume_firma\" \/><\/span> <\/label>\n<\/p>\n<p><label> Adresa<br \/>\n<span class=\"wpcf7-form-control-wrap\" data-name=\"adresa\"><input size=\"40\" maxlength=\"400\" class=\"wpcf7-form-control wpcf7-text\" aria-invalid=\"false\" value=\"\" type=\"text\" name=\"adresa\" \/><\/span> <\/label>\n<\/p>\n<p><label> Localitate<br \/>\n<span class=\"wpcf7-form-control-wrap\" data-name=\"localitate\"><input size=\"40\" maxlength=\"400\" class=\"wpcf7-form-control wpcf7-text\" aria-invalid=\"false\" value=\"\" type=\"text\" name=\"localitate\" \/><\/span> <\/label>\n<\/p>\n<p><label> Jude\u021b<br \/>\n<span class=\"wpcf7-form-control-wrap\" data-name=\"judet\"><input size=\"40\" maxlength=\"400\" class=\"wpcf7-form-control wpcf7-text\" aria-invalid=\"false\" value=\"\" type=\"text\" name=\"judet\" \/><\/span> <\/label>\n<\/p>\n<p><label> CUI<br \/>\n<span class=\"wpcf7-form-control-wrap\" data-name=\"cui\"><input size=\"40\" maxlength=\"400\" class=\"wpcf7-form-control wpcf7-text\" aria-invalid=\"false\" value=\"\" type=\"text\" name=\"cui\" \/><\/span> <\/label>\n<\/p>\n<p><label> Num\u0103r de \u00cenregistrare la Registrul Comer\u021bului<br \/>\n<span class=\"wpcf7-form-control-wrap\" data-name=\"nr_reg_com\"><input size=\"40\" maxlength=\"400\" class=\"wpcf7-form-control wpcf7-text\" aria-invalid=\"false\" value=\"\" type=\"text\" name=\"nr_reg_com\" \/><\/span> <\/label>\n<\/p>\n<p><label> IBAN<br \/>\n<span class=\"wpcf7-form-control-wrap\" data-name=\"iban\"><input size=\"40\" maxlength=\"400\" class=\"wpcf7-form-control wpcf7-text\" aria-invalid=\"false\" value=\"\" type=\"text\" name=\"iban\" \/><\/span> <\/label>\n<\/p>\n<p><label> Banca<br \/>\n<span class=\"wpcf7-form-control-wrap\" data-name=\"banca\"><input size=\"40\" maxlength=\"400\" class=\"wpcf7-form-control wpcf7-text\" aria-invalid=\"false\" value=\"\" type=\"text\" name=\"banca\" \/><\/span> <\/label>\n<\/p>\n<p><label> Reprezentant Legal<br \/>\n<span class=\"wpcf7-form-control-wrap\" data-name=\"reprezentant_legal\"><input size=\"40\" maxlength=\"400\" class=\"wpcf7-form-control wpcf7-text\" aria-invalid=\"false\" value=\"\" type=\"text\" name=\"reprezentant_legal\" \/><\/span> <\/label>\n<\/p>\n<p><label> Func\u021bia<br \/>\n<span class=\"wpcf7-form-control-wrap\" data-name=\"functia\"><input size=\"40\" maxlength=\"400\" class=\"wpcf7-form-control wpcf7-text\" aria-invalid=\"false\" value=\"\" type=\"text\" name=\"functia\" \/><\/span> <\/label>\n<\/p>\n<p><label> Adresa email<br \/>\n<span class=\"wpcf7-form-control-wrap\" data-name=\"adresa_email\"><input size=\"40\" maxlength=\"400\" class=\"wpcf7-form-control wpcf7-email wpcf7-text wpcf7-validates-as-email\" aria-invalid=\"false\" value=\"\" type=\"email\" name=\"adresa_email\" \/><\/span> <\/label>\n<\/p>\n<p><label> Num\u0103r de Telefon<br \/>\n<span class=\"wpcf7-form-control-wrap\" data-name=\"telefon\"><input size=\"40\" maxlength=\"400\" class=\"wpcf7-form-control wpcf7-tel wpcf7-text wpcf7-validates-as-tel\" aria-invalid=\"false\" value=\"\" type=\"tel\" name=\"telefon\" \/><\/span> <\/label>\n<\/p>\n<p style=\"display: flex;\"><input class=\"wpcf7-form-control wpcf7-submit has-spinner\" type=\"submit\" value=\"Cere cota\u021bie\" \/>\n<\/p><div class=\"wpcf7-response-output\" aria-hidden=\"true\"><\/div>\n<\/form>\n<\/div>\n[\/vc_column][\/vc_row]<\/p>\n","protected":false},"excerpt":{"rendered":"<p class=\"excerpt\">[vc_row][vc_column][vc_single_image image=&#8221;2316&#8243; img_size=&#8221;full&#8221; alignment=&#8221;center&#8221; style=&#8221;vc_box_rounded&#8221;][vc_custom_heading text=&#8221;Servicii de Reprezentare DPO&#8221; font_container=&#8221;tag:h1|text_align:center&#8221; use_theme_fonts=&#8221;yes&#8221; css=&#8221;.vc_custom_1635851485941{padding-top: 20px !important;padding-bottom: 20px !important;}&#8221;][vc_column_text]Legea nr. 190\/2018 privind m\u0103suri de punere \u00een aplicare a Regulamentului (UE) 2016\/679 al Parlamentului European \u0219i al Consiliului din 27 aprilie 2016, Art. 4, Alin 2b prevede c\u0103 pentru hoteluri \u0219i pensiuni este obligatorie numirea unui responsabil pentru protec\u021bia [&hellip;]<\/p>\n","protected":false},"author":1,"featured_media":2316,"parent":0,"menu_order":0,"comment_status":"closed","ping_status":"closed","template":"template-builder.php","meta":{"footnotes":""},"class_list":["post-2315","page","type-page","status-publish","has-post-thumbnail","hentry"],"_links":{"self":[{"href":"https:\/\/www.dataeye.ro\/en\/wp-json\/wp\/v2\/pages\/2315","targetHints":{"allow":["GET"]}}],"collection":[{"href":"https:\/\/www.dataeye.ro\/en\/wp-json\/wp\/v2\/pages"}],"about":[{"href":"https:\/\/www.dataeye.ro\/en\/wp-json\/wp\/v2\/types\/page"}],"author":[{"embeddable":true,"href":"https:\/\/www.dataeye.ro\/en\/wp-json\/wp\/v2\/users\/1"}],"replies":[{"embeddable":true,"href":"https:\/\/www.dataeye.ro\/en\/wp-json\/wp\/v2\/comments?post=2315"}],"version-history":[{"count":0,"href":"https:\/\/www.dataeye.ro\/en\/wp-json\/wp\/v2\/pages\/2315\/revisions"}],"wp:featuredmedia":[{"embeddable":true,"href":"https:\/\/www.dataeye.ro\/en\/wp-json\/wp\/v2\/media\/2316"}],"wp:attachment":[{"href":"https:\/\/www.dataeye.ro\/en\/wp-json\/wp\/v2\/media?parent=2315"}],"curies":[{"name":"wp","href":"https:\/\/api.w.org\/{rel}","templated":true}]}}