{"id":2304,"date":"2018-09-18T11:34:07","date_gmt":"2018-09-18T11:34:07","guid":{"rendered":"https:\/\/dataeye.ro\/?page_id=2304"},"modified":"2021-11-02T13:09:57","modified_gmt":"2021-11-02T11:09:57","slug":"kit-complet-gdpr-pentru-hoteluri-si-pensiuni","status":"publish","type":"page","link":"https:\/\/www.dataeye.ro\/en\/kit-complet-gdpr-pentru-hoteluri-si-pensiuni\/","title":{"rendered":"Kit Complet GDPR pentru Hoteluri \u0219i Pensiuni"},"content":{"rendered":"<p>[vc_row][vc_column][vc_single_image image=&#8221;2305&#8243; img_size=&#8221;full&#8221; alignment=&#8221;center&#8221; style=&#8221;vc_box_rounded&#8221;][vc_custom_heading text=&#8221;Kit Complet GDPR pentru Hoteluri \u0219i Pensiuni&#8221; font_container=&#8221;tag:h1|text_align:center&#8221; use_theme_fonts=&#8221;yes&#8221; css=&#8221;.vc_custom_1635851395027{padding-top: 20px !important;padding-bottom: 20px !important;}&#8221;][vc_column_text]Pachetul con\u021bine toate documentele necesare sistemului de management pentru conformitatea cu Regulamentul (UE) 2016\/679 (GDPR). Documenta\u021bia a fost special construit\u0103 pentru a se preta specificului activit\u0103\u021bilor de furnizare a serviciilor ospitaliere. Documentele trebuie sa fie modificate si\/sau completate pentru a reliefa cat mai bine activit\u0103\u021bile din firma dumneavoastr\u0103.[\/vc_column_text][\/vc_column][\/vc_row][vc_row][vc_column][vc_custom_heading text=&#8221;Pachetul con\u021bine urm\u0103toarele documente:&#8221; font_container=&#8221;tag:h3|text_align:left&#8221; use_theme_fonts=&#8221;yes&#8221; css=&#8221;.vc_custom_1537271132655{padding-top: 20px !important;padding-bottom: 20px !important;}&#8221;][vc_column_text]<strong>Con\u0219tientizare<\/strong><\/p>\n<ol>\n<li>Text pentru website despre proiectul GDPR.<\/li>\n<li>Material de informare pentru angaja\u021bi referitor la GDPR<\/li>\n<\/ol>\n<p>&nbsp;<\/p>\n<p><strong>DPO<\/strong><\/p>\n<ol start=\"3\">\n<li>Fisa de Post pentru Responsabil cu Protec\u021bia Datelor (DPO)<\/li>\n<\/ol>\n<p>&nbsp;<\/p>\n<p><strong>Inventarul Datelor<\/strong><\/p>\n<ol start=\"4\">\n<li>Registru Date Personale<\/li>\n<li>Registru Clien\u021bi<\/li>\n<li>Registru Furnizori<\/li>\n<\/ol>\n<p>&nbsp;<\/p>\n<p><strong>Politici (interne)<\/strong><\/p>\n<ol start=\"7\">\n<li>Politica de Protec\u021bia Datelor<\/li>\n<li>Politica de Reten\u021bie, Stocare si \u0218tergere a Datelor Personale<\/li>\n<li>Politica de Acces si Securitate<\/li>\n<li>Politica privind Parolele<\/li>\n<li>Politica privind Copiile de Siguran\u021ba<\/li>\n<li>Politica privind Mediile Externe de Stocare.<\/li>\n<li>Politica privind Dispozitivele Mobile<\/li>\n<li>Registru Inventar al Activit\u0103\u021bilor de Arhivare si \u0218tergere<\/li>\n<\/ol>\n<p>&nbsp;<\/p>\n<p><strong>Politici (pagina web)<\/strong><\/p>\n<ol start=\"15\">\n<li>Politica de Confiden\u021bialitate<\/li>\n<li>Politica privind Cookie-urile<\/li>\n<\/ol>\n<p>&nbsp;<\/p>\n<p><strong>Contracte<\/strong><\/p>\n<ol start=\"17\">\n<li>Acord de Prelucrare in rela\u021bia cu Clien\u021bii (B2B)<\/li>\n<li>Acord de Prelucrare in rela\u021bia cu Furnizorii<\/li>\n<li>Acord de Confiden\u021bialitate pentru Angaja\u021bi<\/li>\n<\/ol>\n<p>&nbsp;<\/p>\n<p><strong>Evaluarea Furnizorilor<\/strong><\/p>\n<ol start=\"20\">\n<li>Notificare Furnizor<\/li>\n<li>Chestionar de Evaluare a Conformit\u0103\u021bii GDPR<\/li>\n<\/ol>\n<p>&nbsp;<\/p>\n<p><strong>Managementul Incidentelor<\/strong><\/p>\n<ol start=\"22\">\n<li>Procedura de Management a Incidentelor cu Date Personale<\/li>\n<li>Sesizare Incident<\/li>\n<li>Raport Incident<\/li>\n<li>Registru Incidente<\/li>\n<li>Notificare persoane vizate<\/li>\n<li>Comunicare ANSPDCP<\/li>\n<li>Comunicare Operator<\/li>\n<\/ol>\n<p>&nbsp;<\/p>\n<p><strong>Managementul Solicit\u0103rilor<\/strong><\/p>\n<ol start=\"29\">\n<li>Procedura de R\u0103spuns la Solicit\u0103ri (SAR)<\/li>\n<li>Registru \u00cenregistr\u0103ri Solicit\u0103ri<\/li>\n<li>Modele R\u0103spuns<\/li>\n<\/ol>\n<p>&nbsp;<\/p>\n<p><strong>Evaluarea Riscurilor<\/strong><\/p>\n<ol start=\"32\">\n<li>Procedura de Evaluare a Riscurilor pe Datele Personale (DPIA)<\/li>\n<li>Registru Evaluare Riscuri PIA\/DPIA,<\/li>\n<li>Model Raport DPIA<\/li>\n<\/ol>\n<p>&nbsp;<\/p>\n<p><strong>Resurse Umane<\/strong><\/p>\n<ol start=\"35\">\n<li>Procedura de Resurse Umane<\/li>\n<li>Procedura de Instruire<\/li>\n<li>Proces Verbal de Instruire<\/li>\n<li>Registru Program de Instruire<\/li>\n<\/ol>\n<p>&nbsp;<\/p>\n<p><strong>Managementul Furnizorilor<\/strong><\/p>\n<ol start=\"39\">\n<li>Procedura de Management a Furnizorilor<\/li>\n<\/ol>\n<p>&nbsp;<\/p>\n<p><strong>Auditul Sistemului de Management<\/strong><\/p>\n<ol start=\"40\">\n<li>Procedura de Audit Intern<\/li>\n<li>Program de Audit<\/li>\n<li>Plan de Audit<\/li>\n<li>Plan de Masuri<\/li>\n<li>Raport Audit Complian\u021ba (Model)<\/li>\n<li>Raport Audit Conformitate (Model)<\/li>\n<\/ol>\n<p>&nbsp;<\/p>\n<p><strong>Notific\u0103ri (Modele)<\/strong><\/p>\n<ol start=\"46\">\n<li>Notificare pentru confirmarea consim\u021b\u0103m\u00e2ntului angaja\u021bilor<\/li>\n<li>Notificare pentru confirmarea consim\u021b\u0103m\u00e2ntului persoanelor vizate<\/li>\n<li>Notificare pentru comunicarea modific\u0103rilor de politica de confiden\u021bialitate<\/li>\n<\/ol>\n<p>&nbsp;<\/p>\n<p><strong>Plan de Proiect<\/strong><\/p>\n<ol start=\"49\">\n<li>Plan pentru implementarea sistemului de management GDPR<\/li>\n<\/ol>\n<p>&nbsp;<\/p>\n<p><strong>Documenta\u021bie Legislativa<\/strong><\/p>\n<ol start=\"50\">\n<li>Regulament (UE) 2016\/679 (romana)<\/li>\n<li>Regulament (UE) 2016\/679 (engleza)<\/li>\n<li>Legea nr. 190\/2018 privind m\u0103suri de punere \u00een aplicare a Regulamentului (UE) 2016\/679<\/li>\n<\/ol>\n<p>[\/vc_column_text][vc_custom_heading text=&#8221;Cump\u0103r\u0103 pachet:&#8221; font_container=&#8221;tag:h3|text_align:left&#8221; use_theme_fonts=&#8221;yes&#8221; css=&#8221;.vc_custom_1537271608268{padding-top: 20px !important;padding-bottom: 20px !important;}&#8221;][vc_column_text]Dorim sa achizi\u021bionam KIT-ul GDPR pentru Hoteluri si Pensiuni. Va furnizam urm\u0103toarele date in vederea complet\u0103rii contractului.[\/vc_column_text]\n<div class=\"wpcf7 no-js\" id=\"wpcf7-f2312-o1\" lang=\"ro-RO\" dir=\"ltr\" data-wpcf7-id=\"2312\">\n<div class=\"screen-reader-response\"><p role=\"status\" aria-live=\"polite\" aria-atomic=\"true\"><\/p> <ul><\/ul><\/div>\n<form action=\"\/en\/wp-json\/wp\/v2\/pages\/2304#wpcf7-f2312-o1\" method=\"post\" class=\"wpcf7-form init\" aria-label=\"Formular de contact\" novalidate=\"novalidate\" data-status=\"init\">\n<fieldset class=\"hidden-fields-container\"><input type=\"hidden\" name=\"_wpcf7\" value=\"2312\" \/><input type=\"hidden\" name=\"_wpcf7_version\" value=\"6.1.6\" \/><input type=\"hidden\" name=\"_wpcf7_locale\" value=\"ro_RO\" \/><input type=\"hidden\" name=\"_wpcf7_unit_tag\" value=\"wpcf7-f2312-o1\" \/><input type=\"hidden\" name=\"_wpcf7_container_post\" value=\"0\" \/><input type=\"hidden\" name=\"_wpcf7_posted_data_hash\" value=\"\" \/><input type=\"hidden\" name=\"_wpcf7_recaptcha_response\" value=\"\" \/>\n<\/fieldset>\n<p><label> Nume Firma<br \/>\n<span class=\"wpcf7-form-control-wrap\" data-name=\"nume_firma\"><input size=\"40\" maxlength=\"400\" class=\"wpcf7-form-control wpcf7-text\" aria-invalid=\"false\" value=\"\" type=\"text\" name=\"nume_firma\" \/><\/span> <\/label>\n<\/p>\n<p><label> Adresa<br \/>\n<span class=\"wpcf7-form-control-wrap\" data-name=\"adresa\"><input size=\"40\" maxlength=\"400\" class=\"wpcf7-form-control wpcf7-text\" aria-invalid=\"false\" value=\"\" type=\"text\" name=\"adresa\" \/><\/span> <\/label>\n<\/p>\n<p><label> Localitate<br \/>\n<span class=\"wpcf7-form-control-wrap\" data-name=\"localitate\"><input size=\"40\" maxlength=\"400\" class=\"wpcf7-form-control wpcf7-text\" aria-invalid=\"false\" value=\"\" type=\"text\" name=\"localitate\" \/><\/span> <\/label>\n<\/p>\n<p><label> Jude\u021b<br \/>\n<span class=\"wpcf7-form-control-wrap\" data-name=\"judet\"><input size=\"40\" maxlength=\"400\" class=\"wpcf7-form-control wpcf7-text\" aria-invalid=\"false\" value=\"\" type=\"text\" name=\"judet\" \/><\/span> <\/label>\n<\/p>\n<p><label> CUI<br \/>\n<span class=\"wpcf7-form-control-wrap\" data-name=\"cui\"><input size=\"40\" maxlength=\"400\" class=\"wpcf7-form-control wpcf7-text\" aria-invalid=\"false\" value=\"\" type=\"text\" name=\"cui\" \/><\/span> <\/label>\n<\/p>\n<p><label> Num\u0103r de \u00cenregistrare la Registrul Comer\u021bului<br \/>\n<span class=\"wpcf7-form-control-wrap\" data-name=\"nr_reg_com\"><input size=\"40\" maxlength=\"400\" class=\"wpcf7-form-control wpcf7-text\" aria-invalid=\"false\" value=\"\" type=\"text\" name=\"nr_reg_com\" \/><\/span> <\/label>\n<\/p>\n<p><label> IBAN<br \/>\n<span class=\"wpcf7-form-control-wrap\" data-name=\"iban\"><input size=\"40\" maxlength=\"400\" class=\"wpcf7-form-control wpcf7-text\" aria-invalid=\"false\" value=\"\" type=\"text\" name=\"iban\" \/><\/span> <\/label>\n<\/p>\n<p><label> Banca<br \/>\n<span class=\"wpcf7-form-control-wrap\" data-name=\"banca\"><input size=\"40\" maxlength=\"400\" class=\"wpcf7-form-control wpcf7-text\" aria-invalid=\"false\" value=\"\" type=\"text\" name=\"banca\" \/><\/span> <\/label>\n<\/p>\n<p><label> Reprezentant Legal<br \/>\n<span class=\"wpcf7-form-control-wrap\" data-name=\"reprezentant_legal\"><input size=\"40\" maxlength=\"400\" class=\"wpcf7-form-control wpcf7-text\" aria-invalid=\"false\" value=\"\" type=\"text\" name=\"reprezentant_legal\" \/><\/span> <\/label>\n<\/p>\n<p><label> Func\u021bia<br \/>\n<span class=\"wpcf7-form-control-wrap\" data-name=\"functia\"><input size=\"40\" maxlength=\"400\" class=\"wpcf7-form-control wpcf7-text\" aria-invalid=\"false\" value=\"\" type=\"text\" name=\"functia\" \/><\/span> <\/label>\n<\/p>\n<p><label> Adresa email<br \/>\n<span class=\"wpcf7-form-control-wrap\" data-name=\"adresa_email\"><input size=\"40\" maxlength=\"400\" class=\"wpcf7-form-control wpcf7-email wpcf7-text wpcf7-validates-as-email\" aria-invalid=\"false\" value=\"\" type=\"email\" name=\"adresa_email\" \/><\/span> <\/label>\n<\/p>\n<p><label> Num\u0103r de Telefon<br \/>\n<span class=\"wpcf7-form-control-wrap\" data-name=\"telefon\"><input size=\"40\" maxlength=\"400\" class=\"wpcf7-form-control wpcf7-tel wpcf7-text wpcf7-validates-as-tel\" aria-invalid=\"false\" value=\"\" type=\"tel\" name=\"telefon\" \/><\/span> <\/label>\n<\/p>\n\n<p><input class=\"wpcf7-form-control wpcf7-submit has-spinner\" type=\"submit\" value=\"Cump\u0103ra Pachet\" \/>\n<\/p><div class=\"wpcf7-response-output\" aria-hidden=\"true\"><\/div>\n<\/form>\n<\/div>\n[\/vc_column][\/vc_row]<\/p>\n","protected":false},"excerpt":{"rendered":"<p class=\"excerpt\">[vc_row][vc_column][vc_single_image image=&#8221;2305&#8243; img_size=&#8221;full&#8221; alignment=&#8221;center&#8221; style=&#8221;vc_box_rounded&#8221;][vc_custom_heading text=&#8221;Kit Complet GDPR pentru Hoteluri \u0219i Pensiuni&#8221; font_container=&#8221;tag:h1|text_align:center&#8221; use_theme_fonts=&#8221;yes&#8221; css=&#8221;.vc_custom_1635851395027{padding-top: 20px !important;padding-bottom: 20px !important;}&#8221;][vc_column_text]Pachetul con\u021bine toate documentele necesare sistemului de management pentru conformitatea cu Regulamentul (UE) 2016\/679 (GDPR). Documenta\u021bia a fost special construit\u0103 pentru a se preta specificului activit\u0103\u021bilor de furnizare a serviciilor ospitaliere. Documentele trebuie sa fie modificate si\/sau [&hellip;]<\/p>\n","protected":false},"author":1,"featured_media":2305,"parent":0,"menu_order":0,"comment_status":"closed","ping_status":"closed","template":"template-builder.php","meta":{"footnotes":""},"class_list":["post-2304","page","type-page","status-publish","has-post-thumbnail","hentry"],"_links":{"self":[{"href":"https:\/\/www.dataeye.ro\/en\/wp-json\/wp\/v2\/pages\/2304","targetHints":{"allow":["GET"]}}],"collection":[{"href":"https:\/\/www.dataeye.ro\/en\/wp-json\/wp\/v2\/pages"}],"about":[{"href":"https:\/\/www.dataeye.ro\/en\/wp-json\/wp\/v2\/types\/page"}],"author":[{"embeddable":true,"href":"https:\/\/www.dataeye.ro\/en\/wp-json\/wp\/v2\/users\/1"}],"replies":[{"embeddable":true,"href":"https:\/\/www.dataeye.ro\/en\/wp-json\/wp\/v2\/comments?post=2304"}],"version-history":[{"count":0,"href":"https:\/\/www.dataeye.ro\/en\/wp-json\/wp\/v2\/pages\/2304\/revisions"}],"wp:featuredmedia":[{"embeddable":true,"href":"https:\/\/www.dataeye.ro\/en\/wp-json\/wp\/v2\/media\/2305"}],"wp:attachment":[{"href":"https:\/\/www.dataeye.ro\/en\/wp-json\/wp\/v2\/media?parent=2304"}],"curies":[{"name":"wp","href":"https:\/\/api.w.org\/{rel}","templated":true}]}}