{"id":2167,"date":"2018-05-21T09:07:18","date_gmt":"2018-05-21T09:07:18","guid":{"rendered":"http:\/\/nou.dataeye.ro\/?page_id=2167"},"modified":"2021-11-02T12:50:10","modified_gmt":"2021-11-02T10:50:10","slug":"risk-analysis","status":"publish","type":"page","link":"https:\/\/www.dataeye.ro\/en\/risk-analysis\/","title":{"rendered":"Risk Analysis"},"content":{"rendered":"<p>[vc_row][vc_column][rev_slider_vc alias=&#8221;risc&#8221;][vc_custom_heading text=&#8221;ANALIZA DE RISC LA SECURITATE FIZICA&#8221; font_container=&#8221;tag:h2|text_align:center&#8221; use_theme_fonts=&#8221;yes&#8221; css=&#8221;.vc_custom_1526897740535{padding-top: 30px !important;}&#8221;][vc_separator color=&#8221;custom&#8221; border_width=&#8221;3&#8243; el_width=&#8221;10&#8243; accent_color=&#8221;#007baf&#8221; css=&#8221;.vc_custom_1526895743006{padding-bottom: 30px !important;}&#8221;][vc_row_inner equal_height=&#8221;yes&#8221; css=&#8221;.vc_custom_1526895005830{padding-top: 30px !important;padding-bottom: 30px !important;}&#8221;][vc_column_inner width=&#8221;1\/2&#8243;][vc_custom_heading text=&#8221;Ce este Analiza de risc la securitate fizica?&#8221; font_container=&#8221;tag:h2|text_align:left|line_height:48px&#8221; use_theme_fonts=&#8221;yes&#8221;][vc_separator css=&#8221;.vc_custom_1526894250894{padding-top: 30px !important;padding-bottom: 30px !important;}&#8221;][vc_column_text]Analiza de risc la securitate fizica reprezint\u0103 procedura prin intermediul c\u0103reia se stabile\u0219te probabilitatea de producerea evenimentelor de risc identificate, precum si consecin\u021bele acestor evenimente, lu\u00e2nd in considerare prezenta sau absenta oric\u0103ror masuri de securitate si control, precum si celor implementate. In baza Analizei de risc la securitate fizica se stabilesc masurile necesar a fi implementate pentru a diminua sau elimina riscurile de securitate.[\/vc_column_text][\/vc_column_inner][vc_column_inner width=&#8221;1\/2&#8243;][vc_custom_heading text=&#8221;Cine are nevoie de Analiza de risc la securitate fizica?&#8221; use_theme_fonts=&#8221;yes&#8221;][vc_separator css=&#8221;.vc_custom_1526894250894{padding-top: 30px !important;padding-bottom: 30px !important;}&#8221;][vc_column_text]Analiza de risc la securitate fizica este obligatorie pentru toate societ\u0103\u021bile comerciale ce de\u021bin bunuri sau valori cu orice titlu, reglementarea fiind f\u0103cut\u0103 prin Legea 333\/2003 si Hot\u0103r\u00e2rea de Guvern 301\/2012 actualizata prin HG 1002\/2015. Legea a intrat in vigoare la data de 1 iulie 2017 si prevede ca lipsa analizei de risc la securitate fizica se sanc\u021bioneaz\u0103 cu amenda de la 5.000 la 10.000 lei, cei \u00eendrept\u0103\u021bi\u021bi de lege sa controleze fiind Politia, Jandarmeria si Prim\u0103ria prin reprezentan\u021bii s\u0103i.[\/vc_column_text][\/vc_column_inner][\/vc_row_inner][\/vc_column][\/vc_row][vc_row full_width=&#8221;stretch_row&#8221; css=&#8221;.vc_custom_1526894452821{background-color: #0078b1 !important;}&#8221;][vc_column][vc_custom_heading text=&#8221;Motive pentru \u00eentocmirea Analizei de risc la securitate fizica&#8221; font_container=&#8221;tag:h2|text_align:left|color:%23ffffff&#8221; use_theme_fonts=&#8221;yes&#8221;][vc_separator css=&#8221;.vc_custom_1526894250894{padding-top: 30px !important;padding-bottom: 30px !important;}&#8221;][vc_column_text el_id=&#8221;white_text&#8221;]<\/p>\n<p>Arata nivelul actual de securitate al obiectivului.<br \/>\nEviden\u021biaz\u0103 zonele cu poten\u021bial periculos pentru producerea evenimentelor nedorite.<br \/>\nAduce argumente pentru crearea, dezvoltarea si implementarea masurilor de securitate.<br \/>\nNu in ultimul r\u00e2nd, evi\u021bi amenda!<\/p>\n<p>Dataeye Consulting SRL este \u00eenscrisa in Registrul National al Evaluatorilor de Risc la Securitate Fizica la pozi\u021bia 1364, speciali\u0219tii no\u0219tri fiind preg\u0103ti\u021bi sa te ajute at\u00e2t cu \u00eentocmirea Raportului\u00a0 de evaluare, cat si cu\u00a0implementarea masurilor recomandate.<br \/>\n[\/vc_column_text][vc_cta h2=&#8221;Compania ta nu a \u00eentocmit \u00eenc\u0103 Analiza de risc la securitate fizica? &#8221; h4=&#8221;Solicita acum o propunere financiara personalizata!&#8221; add_button=&#8221;right&#8221; btn_title=&#8221;Cere oferta&#8221; btn_shape=&#8221;square&#8221; btn_color=&#8221;primary&#8221; btn_size=&#8221;lg&#8221; btn_i_icon_fontawesome=&#8221;fa fa-envelope&#8221; css_animation=&#8221;slideInRight&#8221; btn_add_icon=&#8221;true&#8221; btn_link=&#8221;url:https%3A%2F%2Fdataeye.ro%2Fro%2Fcere-oferta-analiza-de-risc%2F|||&#8221;][\/vc_cta][\/vc_column][\/vc_row]<\/p>\n","protected":false},"excerpt":{"rendered":"<p class=\"excerpt\">[vc_row][vc_column][rev_slider_vc alias=&#8221;risc&#8221;][vc_custom_heading text=&#8221;ANALIZA DE RISC LA SECURITATE FIZICA&#8221; font_container=&#8221;tag:h2|text_align:center&#8221; use_theme_fonts=&#8221;yes&#8221; css=&#8221;.vc_custom_1526897740535{padding-top: 30px !important;}&#8221;][vc_separator color=&#8221;custom&#8221; border_width=&#8221;3&#8243; el_width=&#8221;10&#8243; accent_color=&#8221;#007baf&#8221; css=&#8221;.vc_custom_1526895743006{padding-bottom: 30px !important;}&#8221;][vc_row_inner equal_height=&#8221;yes&#8221; css=&#8221;.vc_custom_1526895005830{padding-top: 30px !important;padding-bottom: 30px !important;}&#8221;][vc_column_inner width=&#8221;1\/2&#8243;][vc_custom_heading text=&#8221;Ce este Analiza de risc la securitate fizica?&#8221; font_container=&#8221;tag:h2|text_align:left|line_height:48px&#8221; use_theme_fonts=&#8221;yes&#8221;][vc_separator css=&#8221;.vc_custom_1526894250894{padding-top: 30px !important;padding-bottom: 30px !important;}&#8221;][vc_column_text]Analiza de risc la securitate fizica reprezint\u0103 procedura prin intermediul c\u0103reia se stabile\u0219te probabilitatea [&hellip;]<\/p>\n","protected":false},"author":1,"featured_media":0,"parent":0,"menu_order":0,"comment_status":"closed","ping_status":"closed","template":"","meta":{"footnotes":""},"class_list":["post-2167","page","type-page","status-publish","hentry"],"_links":{"self":[{"href":"https:\/\/www.dataeye.ro\/en\/wp-json\/wp\/v2\/pages\/2167","targetHints":{"allow":["GET"]}}],"collection":[{"href":"https:\/\/www.dataeye.ro\/en\/wp-json\/wp\/v2\/pages"}],"about":[{"href":"https:\/\/www.dataeye.ro\/en\/wp-json\/wp\/v2\/types\/page"}],"author":[{"embeddable":true,"href":"https:\/\/www.dataeye.ro\/en\/wp-json\/wp\/v2\/users\/1"}],"replies":[{"embeddable":true,"href":"https:\/\/www.dataeye.ro\/en\/wp-json\/wp\/v2\/comments?post=2167"}],"version-history":[{"count":0,"href":"https:\/\/www.dataeye.ro\/en\/wp-json\/wp\/v2\/pages\/2167\/revisions"}],"wp:attachment":[{"href":"https:\/\/www.dataeye.ro\/en\/wp-json\/wp\/v2\/media?parent=2167"}],"curies":[{"name":"wp","href":"https:\/\/api.w.org\/{rel}","templated":true}]}}